{"id":10731,"date":"2021-06-28T21:00:28","date_gmt":"2021-06-28T21:00:28","guid":{"rendered":"https:\/\/polywaterv2.wpengine.com\/offres-demploi\/"},"modified":"2025-10-14T13:52:24","modified_gmt":"2025-10-14T18:52:24","slug":"offres-demploi","status":"publish","type":"page","link":"https:\/\/www.polywater.com\/fr\/offres-demploi\/","title":{"rendered":"Offres d&#8217;emploi"},"content":{"rendered":"<div id=\"vyLightbox\"><\/div>\n<div id=\"acf\/banner-block_34a4c6d82fc1ea617176f4b82d78ac7f\" class=\"pxblock pxblock--banner disable_overlay full_width text--light\">\n\t\n\t<img loading=\"lazy\" decoding=\"async\" width=\"1200\" height=\"300\" src=\"https:\/\/www.polywater.com\/wp-content\/uploads\/2021\/02\/Andrew-employment-page-banner-2.jpg\" class=\"background-image\" alt=\"Un homme avec des lunettes de s\u00e9curit\u00e9 regarde vers le bas et se concentre sur son travail\" srcset=\"https:\/\/www.polywater.com\/wp-content\/uploads\/2021\/02\/Andrew-employment-page-banner-2.jpg 1200w, https:\/\/www.polywater.com\/wp-content\/uploads\/2021\/02\/Andrew-employment-page-banner-2-300x75.jpg 300w, https:\/\/www.polywater.com\/wp-content\/uploads\/2021\/02\/Andrew-employment-page-banner-2-1024x256.jpg 1024w, https:\/\/www.polywater.com\/wp-content\/uploads\/2021\/02\/Andrew-employment-page-banner-2-768x192.jpg 768w\" sizes=\"auto, (max-width: 1200px) 100vw, 1200px\" \/>\n\t\n\t<div class=\"container\">\n\t\t\t\t\t\t\t<div class=\"pxblock--banner__content wysiwyg\"><h1>Offres d&#8217;emploi chez Polywater<\/h1>\n<p>Chez Polywater, nous offrons \u00e0 nos clients un \u00ab\u00a0soutien total\u00a0\u00bb,<br \/>\ncombinant notre expertise technique in\u00e9gal\u00e9e, notre connaissance approfondie du secteur,<br \/>\n notre service client exceptionnel et nos produits de qualit\u00e9 sup\u00e9rieure.<br \/>\n Vous souhaitez nous rejoindre\u00a0? <\/p>\n<\/div>\n\t\t\t<\/div>\n<\/div>\n\n\n<div id=\"acf\/featured-video-block_0185caf6ebfa7603cb81ee851f6c1224\" class=\"pxblock pxblock--featured-video\">\n\t\n\t<div class=\"container\">\n\t\t<h2 class=\"pxblock--featured-video__title\"><\/h2>\n\t\t\t\t\t<!-- The script tag should live in the head of your page if at all possible --> <script type=\"text\/javascript\" async src=\"https:\/\/play.vidyard.com\/embed\/v4.js\"><\/script>  <!-- Put this wherever you would like your player to appear --> <img decoding=\"async\"   style=\"width: 100%; margin: auto; display: block;\"   class=\"vidyard-player-embed\"   src=\"https:\/\/play.vidyard.com\/DwGZ3AD5R4VByLax35z4eq.jpg\"   data-uuid=\"DwGZ3AD5R4VByLax35z4eq\"   data-v=\"4\"   data-type=\"inline\" \/>\t\t\t\t<div class=\"pxblock--featured-video__content wysiwyg\"><\/div>\n\t<\/div>\n<\/div>\n\n\n\n<div id=\"acf\/image-and-content-block_3b5fa47462cd510b2e43e8544acebf79\" class=\" pxblock pxblock--image-and-content image-left even ic\">\n\t\n\t<div class=\"ic__container container\">\n\t\t<div class=\"ic__image-container\">\n\t\t\t<div class=\"ic__image-wrapper\">\n\n\t\t\t\t<img loading=\"lazy\" decoding=\"async\" width=\"800\" height=\"600\" src=\"https:\/\/www.polywater.com\/wp-content\/uploads\/2020\/11\/Christine-Pull-Planner-1-e1612888895626.jpg\" class=\"ic__image\" alt=\"une femme explique un concept lors d&#039;une pr\u00e9sentation\" \/>\n\t\t\t<\/div>\n\t\t<\/div>\n\n\t\t<div class=\"ic__content wysiwyg\">\n\t\t\t<h2 style=\"text-align: center;\">Travailler chez Polywater<\/h2>\n<p style=\"text-align: center;\">En int\u00e9grant une entreprise appartenant \u00e0 ses employ\u00e9s, vous int\u00e9grez une culture de travail unique. Cliquez ci-dessous pour rechercher les offres d&#8217;emploi actuelles.<\/p>\n<h5 style=\"text-align: center;\"><a class=\"button button--primary\" href=\"https:\/\/www.polywater.com\/fr\/?page_id=15502\">Postuler maintenant<\/a><\/h5>\n\n\t\t\t\t\t<\/div>\n\t<\/div>\n<\/div>\n\n\n<div id=\"acf\/image-and-content-block_1519aa3d509e5e5dfdb9138d77acf8ca\" class=\" pxblock pxblock--image-and-content image-left even ic pxblock pxblock--image-and-content image-right even ic\">\n\t\n\t<div class=\"ic__container container\">\n\t\t<div class=\"ic__image-container\">\n\t\t\t<div class=\"ic__image-wrapper\">\n\n\t\t\t\t<img loading=\"lazy\" decoding=\"async\" width=\"1200\" height=\"400\" src=\"https:\/\/www.polywater.com\/wp-content\/uploads\/2020\/11\/Max-Knowledge-Hub-banner.jpg\" class=\"ic__image\" alt=\"Un scientifique regarde son \u00e9quipement de test au-del\u00e0 de son ordinateur\" srcset=\"https:\/\/www.polywater.com\/wp-content\/uploads\/2020\/11\/Max-Knowledge-Hub-banner.jpg 1200w, https:\/\/www.polywater.com\/wp-content\/uploads\/2020\/11\/Max-Knowledge-Hub-banner-300x100.jpg 300w, https:\/\/www.polywater.com\/wp-content\/uploads\/2020\/11\/Max-Knowledge-Hub-banner-1024x341.jpg 1024w, https:\/\/www.polywater.com\/wp-content\/uploads\/2020\/11\/Max-Knowledge-Hub-banner-768x256.jpg 768w\" sizes=\"auto, (max-width: 1200px) 100vw, 1200px\" \/>\n\t\t\t<\/div>\n\t\t<\/div>\n\n\t\t<div class=\"ic__content wysiwyg\">\n\t\t\t<h2 style=\"text-align: center;\">Opportunit\u00e9s de stages<\/h2>\n<p style=\"text-align: center;\">Nous proposons un stage d&rsquo;\u00e9t\u00e9 \u00e0 temps plein et r\u00e9mun\u00e9r\u00e9 aux \u00c9tats-Unis pour les \u00e9tudiants universitaires ayant au moins le statut de deuxi\u00e8me ann\u00e9e. Des stages peuvent \u00eatre disponibles dans des d\u00e9partements tels que l&rsquo;ing\u00e9nierie, le marketing, les ventes, la comptabilit\u00e9 et les ressources humaines, avec des projets allant du d\u00e9veloppement de produits et de l&rsquo;am\u00e9lioration des processus aux tests de mat\u00e9riaux et \u00e0 d&rsquo;autres missions sp\u00e9cifiques aux d\u00e9partements.<\/p>\n<h5 style=\"text-align: center;\"><a class=\"button button--primary\" href=\"https:\/\/polywaterv2.wpengine.com\/fr\/page-pas-dembauche-pour-le-moment\/\">Postuler maintenant<\/a><\/h5>\n\n\t\t\t\t\t<\/div>\n\t<\/div>\n<\/div>","protected":false},"excerpt":{"rendered":"","protected":false},"author":7,"featured_media":0,"parent":0,"menu_order":0,"comment_status":"closed","ping_status":"closed","template":"","meta":{"_acf_changed":true,"content-type":"","_relevanssi_hide_post":"","_relevanssi_hide_content":"","_relevanssi_pin_for_all":"","_relevanssi_pin_keywords":"","_relevanssi_unpin_keywords":"","_relevanssi_related_keywords":"","_relevanssi_related_include_ids":"","_relevanssi_related_exclude_ids":"","_relevanssi_related_no_append":"","_relevanssi_related_not_related":"","_relevanssi_related_posts":"8824,3017,8257,8262,8269,8272","_relevanssi_noindex_reason":"","footnotes":""},"class_list":["post-10731","page","type-page","status-publish","hentry"],"acf":[],"yoast_head":"<!-- This site is optimized with the Yoast SEO plugin v27.4 - https:\/\/yoast.com\/product\/yoast-seo-wordpress\/ -->\n<title>Offres d&#039;emploi - Polywater<\/title>\n<meta name=\"description\" content=\"Faire partie d\u2019une entreprise appartenant \u00e0 ses employ\u00e9s vous fait participer \u00e0 une culture de travail unique. D\u00e9couvrez nos opportunit\u00e9s actuelles.\" \/>\n<meta name=\"robots\" content=\"index, follow, max-snippet:-1, max-image-preview:large, max-video-preview:-1\" \/>\n<link rel=\"canonical\" href=\"https:\/\/www.polywater.com\/fr\/offres-demploi\/\" \/>\n<meta property=\"og:locale\" content=\"fr_FR\" \/>\n<meta property=\"og:type\" content=\"article\" \/>\n<meta property=\"og:title\" content=\"Offres d&#039;emploi - Polywater\" \/>\n<meta property=\"og:description\" content=\"Faire partie d\u2019une entreprise appartenant \u00e0 ses employ\u00e9s vous fait participer \u00e0 une culture de travail unique. D\u00e9couvrez nos opportunit\u00e9s actuelles.\" \/>\n<meta property=\"og:url\" content=\"https:\/\/www.polywater.com\/fr\/offres-demploi\/\" \/>\n<meta property=\"og:site_name\" content=\"Polywater\" \/>\n<meta property=\"article:modified_time\" content=\"2025-10-14T18:52:24+00:00\" \/>\n<meta name=\"twitter:card\" content=\"summary_large_image\" \/>\n<script type=\"application\/ld+json\" class=\"yoast-schema-graph\">{\"@context\":\"https:\\\/\\\/schema.org\",\"@graph\":[{\"@type\":\"WebPage\",\"@id\":\"https:\\\/\\\/www.polywater.com\\\/fr\\\/offres-demploi\\\/\",\"url\":\"https:\\\/\\\/www.polywater.com\\\/fr\\\/offres-demploi\\\/\",\"name\":\"Offres d'emploi - Polywater\",\"isPartOf\":{\"@id\":\"https:\\\/\\\/www.polywater.com\\\/fr\\\/#website\"},\"datePublished\":\"2021-06-28T21:00:28+00:00\",\"dateModified\":\"2025-10-14T18:52:24+00:00\",\"description\":\"Faire partie d\u2019une entreprise appartenant \u00e0 ses employ\u00e9s vous fait participer \u00e0 une culture de travail unique. D\u00e9couvrez nos opportunit\u00e9s actuelles.\",\"breadcrumb\":{\"@id\":\"https:\\\/\\\/www.polywater.com\\\/fr\\\/offres-demploi\\\/#breadcrumb\"},\"inLanguage\":\"fr-FR\",\"potentialAction\":[{\"@type\":\"ReadAction\",\"target\":[\"https:\\\/\\\/www.polywater.com\\\/fr\\\/offres-demploi\\\/\"]}]},{\"@type\":\"BreadcrumbList\",\"@id\":\"https:\\\/\\\/www.polywater.com\\\/fr\\\/offres-demploi\\\/#breadcrumb\",\"itemListElement\":[{\"@type\":\"ListItem\",\"position\":1,\"name\":\"Home\",\"item\":\"https:\\\/\\\/www.polywater.com\\\/fr\\\/\"},{\"@type\":\"ListItem\",\"position\":2,\"name\":\"Offres d&#8217;emploi\"}]},{\"@type\":\"WebSite\",\"@id\":\"https:\\\/\\\/www.polywater.com\\\/fr\\\/#website\",\"url\":\"https:\\\/\\\/www.polywater.com\\\/fr\\\/\",\"name\":\"Polywater\",\"description\":\"Solutions at work.\",\"potentialAction\":[{\"@type\":\"SearchAction\",\"target\":{\"@type\":\"EntryPoint\",\"urlTemplate\":\"https:\\\/\\\/www.polywater.com\\\/fr\\\/?s={search_term_string}\"},\"query-input\":{\"@type\":\"PropertyValueSpecification\",\"valueRequired\":true,\"valueName\":\"search_term_string\"}}],\"inLanguage\":\"fr-FR\"}]}<\/script>\n<!-- \/ Yoast SEO plugin. -->","yoast_head_json":{"title":"Offres d'emploi - Polywater","description":"Faire partie d\u2019une entreprise appartenant \u00e0 ses employ\u00e9s vous fait participer \u00e0 une culture de travail unique. D\u00e9couvrez nos opportunit\u00e9s actuelles.","robots":{"index":"index","follow":"follow","max-snippet":"max-snippet:-1","max-image-preview":"max-image-preview:large","max-video-preview":"max-video-preview:-1"},"canonical":"https:\/\/www.polywater.com\/fr\/offres-demploi\/","og_locale":"fr_FR","og_type":"article","og_title":"Offres d'emploi - Polywater","og_description":"Faire partie d\u2019une entreprise appartenant \u00e0 ses employ\u00e9s vous fait participer \u00e0 une culture de travail unique. D\u00e9couvrez nos opportunit\u00e9s actuelles.","og_url":"https:\/\/www.polywater.com\/fr\/offres-demploi\/","og_site_name":"Polywater","article_modified_time":"2025-10-14T18:52:24+00:00","twitter_card":"summary_large_image","schema":{"@context":"https:\/\/schema.org","@graph":[{"@type":"WebPage","@id":"https:\/\/www.polywater.com\/fr\/offres-demploi\/","url":"https:\/\/www.polywater.com\/fr\/offres-demploi\/","name":"Offres d'emploi - Polywater","isPartOf":{"@id":"https:\/\/www.polywater.com\/fr\/#website"},"datePublished":"2021-06-28T21:00:28+00:00","dateModified":"2025-10-14T18:52:24+00:00","description":"Faire partie d\u2019une entreprise appartenant \u00e0 ses employ\u00e9s vous fait participer \u00e0 une culture de travail unique. D\u00e9couvrez nos opportunit\u00e9s actuelles.","breadcrumb":{"@id":"https:\/\/www.polywater.com\/fr\/offres-demploi\/#breadcrumb"},"inLanguage":"fr-FR","potentialAction":[{"@type":"ReadAction","target":["https:\/\/www.polywater.com\/fr\/offres-demploi\/"]}]},{"@type":"BreadcrumbList","@id":"https:\/\/www.polywater.com\/fr\/offres-demploi\/#breadcrumb","itemListElement":[{"@type":"ListItem","position":1,"name":"Home","item":"https:\/\/www.polywater.com\/fr\/"},{"@type":"ListItem","position":2,"name":"Offres d&#8217;emploi"}]},{"@type":"WebSite","@id":"https:\/\/www.polywater.com\/fr\/#website","url":"https:\/\/www.polywater.com\/fr\/","name":"Polywater","description":"Solutions at work.","potentialAction":[{"@type":"SearchAction","target":{"@type":"EntryPoint","urlTemplate":"https:\/\/www.polywater.com\/fr\/?s={search_term_string}"},"query-input":{"@type":"PropertyValueSpecification","valueRequired":true,"valueName":"search_term_string"}}],"inLanguage":"fr-FR"}]}},"_links":{"self":[{"href":"https:\/\/www.polywater.com\/fr\/wp-json\/wp\/v2\/pages\/10731","targetHints":{"allow":["GET"]}}],"collection":[{"href":"https:\/\/www.polywater.com\/fr\/wp-json\/wp\/v2\/pages"}],"about":[{"href":"https:\/\/www.polywater.com\/fr\/wp-json\/wp\/v2\/types\/page"}],"author":[{"embeddable":true,"href":"https:\/\/www.polywater.com\/fr\/wp-json\/wp\/v2\/users\/7"}],"replies":[{"embeddable":true,"href":"https:\/\/www.polywater.com\/fr\/wp-json\/wp\/v2\/comments?post=10731"}],"version-history":[{"count":0,"href":"https:\/\/www.polywater.com\/fr\/wp-json\/wp\/v2\/pages\/10731\/revisions"}],"wp:attachment":[{"href":"https:\/\/www.polywater.com\/fr\/wp-json\/wp\/v2\/media?parent=10731"}],"curies":[{"name":"wp","href":"https:\/\/api.w.org\/{rel}","templated":true}]}}