{"id":10714,"date":"2021-06-28T20:59:16","date_gmt":"2021-06-28T20:59:16","guid":{"rendered":"https:\/\/polywaterv2.wpengine.com\/knowledge-hub-centro-de-conocimiento\/"},"modified":"2024-06-07T09:44:28","modified_gmt":"2024-06-07T14:44:28","slug":"centro-de-conocimiento","status":"publish","type":"page","link":"https:\/\/www.polywater.com\/es\/centro-de-conocimiento\/","title":{"rendered":"Knowledge Hub [Centro de Conocimiento]"},"content":{"rendered":"<div id=\"vyLightbox\"><\/div>\n<div id=\"acf\/banner-block_cdacaa8fe0bb28301cf7ab6f4c659ae4\" class=\"pxblock pxblock--banner disable_overlay full_width text--light\">\n\t\n\t<img loading=\"lazy\" decoding=\"async\" width=\"1920\" height=\"700\" src=\"https:\/\/www.polywater.com\/wp-content\/uploads\/2024\/05\/KH_Header.png\" class=\"background-image\" alt=\"An overhead shot of a large black high-voltage cable entering an underground vault in a road.\" srcset=\"https:\/\/www.polywater.com\/wp-content\/uploads\/2024\/05\/KH_Header.png 1920w, https:\/\/www.polywater.com\/wp-content\/uploads\/2024\/05\/KH_Header-300x109.png 300w, https:\/\/www.polywater.com\/wp-content\/uploads\/2024\/05\/KH_Header-1024x373.png 1024w, https:\/\/www.polywater.com\/wp-content\/uploads\/2024\/05\/KH_Header-768x280.png 768w, https:\/\/www.polywater.com\/wp-content\/uploads\/2024\/05\/KH_Header-1536x560.png 1536w\" sizes=\"auto, (max-width: 1920px) 100vw, 1920px\" \/>\n\t\n\t<div class=\"container\">\n\t\t\t\t\t\t\t<div class=\"pxblock--banner__content wysiwyg\"><p>&nbsp;<\/p>\n<h1 class=\"p1\" style=\"text-align: center;\">Bienvenido al Centro de conocimiento de Polywater<\/h1>\n<p style=\"text-align: center;\">Busque una amplia gama de temas t\u00e9cnicos relevantes como el cableado subterr\u00e1neo, el fortalecimiento del sistema y de la red,<br \/>\ny la extensi\u00f3n de la vida \u00fatil de los activos dentro de las industrias el\u00e9ctrica y de comunicaciones. <\/p>\n<\/div>\n\t\t\t<\/div>\n<\/div>\n\n\n<div id=\"acf\/featured-content-block_348c4a51007cdab5a0009f0bf80c186a\" class=\"pxblock pxblock--featured-content\">\n    \n    <div class=\"container\">\n        <h2 class=\"pxblock--featured-content__headline\">Explore el Centro de conocimiento por tipo de industria<\/h2>\n        <div class=\"flexgrid\">\n                                            <div class=\"card flexgrid__item\">\n                    <a href=\"https:\/\/www.polywater.com\/es\/centro-de-conocimiento-articulos-de-infraestructura-electrica\/\" class=\"card__link\" >\n                        <div class=\"card__inner\">\n                                                            <div class=\"image\" style=\"background-image:url(https:\/\/www.polywater.com\/wp-content\/uploads\/2024\/05\/KH_Electrical-197x300.png);\" role=\"img\" aria-label=\"\"><\/div>\n                                                        <div class=\"content\">\n                                <h3>Infraestructura el\u00e9ctrica<\/h3>\n                                <div class=\"content__excerpt\">Explore art\u00edculos, videos y documentos t\u00e9cnicos que profundizan en temas ricos como el tirado de cables,\r\nla gesti\u00f3n de la fricci\u00f3n, el fortalecimiento del sistema, la protecci\u00f3n de activos cr\u00edticos, y m\u00e1s.<\/div>\n                                <div class=\"btn_primary_wrap\">\n                                    <span class=\"button button--primary\">M\u00e1s detalles<\/span>\n                                <\/div>\n                            <\/div>\n                        <\/div>\n                    <\/a>\n                <\/div>\n                                            <div class=\"card flexgrid__item\">\n                    <a href=\"https:\/\/www.polywater.com\/es\/centro-de-conocimiento-telecomunicaciones\/\" class=\"card__link\" >\n                        <div class=\"card__inner\">\n                                                            <div class=\"image\" style=\"background-image:url(https:\/\/www.polywater.com\/wp-content\/uploads\/2024\/05\/KH_Telecom-197x300.png);\" role=\"img\" aria-label=\"\"><\/div>\n                                                        <div class=\"content\">\n                                <h3>Telecomunicaciones<\/h3>\n                                <div class=\"content__excerpt\">Descubra el contenido t\u00e9cnico y la experiencia de la industria en nuestros art\u00edculos, videos y documentos que abarcan temas como la ciencia de la instalaci\u00f3n de cables de fibra \u00f3ptica y el sellado de ductos para proteger las redes.<\/div>\n                                <div class=\"btn_primary_wrap\">\n                                    <span class=\"button button--primary\">M\u00e1s detalles<\/span>\n                                <\/div>\n                            <\/div>\n                        <\/div>\n                    <\/a>\n                <\/div>\n                    <\/div>\n    <\/div>\n<\/div>\n\n\n<div id=\"acf\/banner-block_0ab7a71156393711f5b7c1d14004ab03\" class=\"pxblock pxblock--banner disable_overlay container text--light\">\n\t\n\t\n\t\n\t<div class=\"container\">\n\t\t\t\t\t\t\t<div class=\"pxblock--banner__content wysiwyg\"><div class=\"industry_banner\" style=\"background-color: #69c3e8; background-size: 100%; padding: 2em; width: 100%;\">\n<p><img loading=\"lazy\" decoding=\"async\" class=\"alignleft size-full wp-image-7249\" style=\"float: left; display: block;\" src=\"https:\/\/www.polywater.com\/wp-content\/uploads\/2021\/03\/The-Transmission-Newsletter-Knowledge-Hub-Banner_Cropped.jpg\" width=\"428\" height=\"216\" srcset=\"https:\/\/www.polywater.com\/wp-content\/uploads\/2021\/03\/The-Transmission-Newsletter-Knowledge-Hub-Banner_Cropped.jpg 428w, https:\/\/www.polywater.com\/wp-content\/uploads\/2021\/03\/The-Transmission-Newsletter-Knowledge-Hub-Banner_Cropped-300x151.jpg 300w\" sizes=\"auto, (max-width: 428px) 100vw, 428px\" \/><\/p>\n<h2 style=\"background-color: #69c3e8;\">Obtenga los conocimientos y la informaci\u00f3n m\u00e1s recientes de la industria presentados trimestralmente directamente en su bandeja de entrada.<\/h2>\n<p style=\"background-color: #69c3e8; color: white;\">Suscr\u00edbase a THE TRANSMISSION de Polywater para obtener una colecci\u00f3n seleccionada de art\u00edculos, videos, documentos t\u00e9cnicos y m\u00e1s. Totalmente gratis y solo de Polywater.<\/p>\n<p><a class=\"button button--primary\" href=\"https:\/\/www.polywater.com\/es\/suscripcion-al-blog\/\">Suscribirse<\/a> <a class=\"button button--primary\" href=\"https:\/\/www.polywater.com\/es\/the-transmision-library\/\">Ver ediciones anteriores<\/a><\/p>\n<\/div>\n<\/div>\n\t\t\t<\/div>\n<\/div>","protected":false},"excerpt":{"rendered":"","protected":false},"author":7,"featured_media":0,"parent":0,"menu_order":0,"comment_status":"closed","ping_status":"closed","template":"","meta":{"_acf_changed":true,"content-type":"","_relevanssi_hide_post":"","_relevanssi_hide_content":"","_relevanssi_pin_for_all":"","_relevanssi_pin_keywords":"","_relevanssi_unpin_keywords":"","_relevanssi_related_keywords":"","_relevanssi_related_include_ids":"","_relevanssi_related_exclude_ids":"","_relevanssi_related_no_append":"","_relevanssi_related_not_related":"","_relevanssi_related_posts":"8420,8825,8822,8230,8274,9571","_relevanssi_noindex_reason":"","footnotes":""},"class_list":["post-10714","page","type-page","status-publish","hentry"],"acf":[],"yoast_head":"<!-- This site is optimized with the Yoast SEO plugin v27.4 - https:\/\/yoast.com\/product\/yoast-seo-wordpress\/ -->\n<title>Knowledge Hub [Centro de Conocimiento] - Polywater<\/title>\n<meta name=\"description\" content=\"Conozca los temas y problemas t\u00e9cnicos que afectan a los campos de la electricidad y las comunicaciones. Investigaci\u00f3n industrial y t\u00e9cnica.\" \/>\n<meta name=\"robots\" content=\"index, follow, max-snippet:-1, max-image-preview:large, max-video-preview:-1\" \/>\n<link rel=\"canonical\" href=\"https:\/\/www.polywater.com\/es\/centro-de-conocimiento\/\" \/>\n<meta property=\"og:locale\" content=\"es_ES\" \/>\n<meta property=\"og:type\" content=\"article\" \/>\n<meta property=\"og:title\" content=\"Knowledge Hub [Centro de Conocimiento] - Polywater\" \/>\n<meta property=\"og:description\" content=\"Conozca los temas y problemas t\u00e9cnicos que afectan a los campos de la electricidad y las comunicaciones. Investigaci\u00f3n industrial y t\u00e9cnica.\" \/>\n<meta property=\"og:url\" content=\"https:\/\/www.polywater.com\/es\/centro-de-conocimiento\/\" \/>\n<meta property=\"og:site_name\" content=\"Polywater\" \/>\n<meta property=\"article:modified_time\" content=\"2024-06-07T14:44:28+00:00\" \/>\n<meta name=\"twitter:card\" content=\"summary_large_image\" \/>\n<script type=\"application\/ld+json\" class=\"yoast-schema-graph\">{\"@context\":\"https:\\\/\\\/schema.org\",\"@graph\":[{\"@type\":\"WebPage\",\"@id\":\"https:\\\/\\\/www.polywater.com\\\/es\\\/centro-de-conocimiento\\\/\",\"url\":\"https:\\\/\\\/www.polywater.com\\\/es\\\/centro-de-conocimiento\\\/\",\"name\":\"Knowledge Hub [Centro de Conocimiento] - Polywater\",\"isPartOf\":{\"@id\":\"https:\\\/\\\/www.polywater.com\\\/es\\\/#website\"},\"datePublished\":\"2021-06-28T20:59:16+00:00\",\"dateModified\":\"2024-06-07T14:44:28+00:00\",\"description\":\"Conozca los temas y problemas t\u00e9cnicos que afectan a los campos de la electricidad y las comunicaciones. Investigaci\u00f3n industrial y t\u00e9cnica.\",\"breadcrumb\":{\"@id\":\"https:\\\/\\\/www.polywater.com\\\/es\\\/centro-de-conocimiento\\\/#breadcrumb\"},\"inLanguage\":\"es\",\"potentialAction\":[{\"@type\":\"ReadAction\",\"target\":[\"https:\\\/\\\/www.polywater.com\\\/es\\\/centro-de-conocimiento\\\/\"]}]},{\"@type\":\"BreadcrumbList\",\"@id\":\"https:\\\/\\\/www.polywater.com\\\/es\\\/centro-de-conocimiento\\\/#breadcrumb\",\"itemListElement\":[{\"@type\":\"ListItem\",\"position\":1,\"name\":\"Home\",\"item\":\"https:\\\/\\\/www.polywater.com\\\/es\\\/\"},{\"@type\":\"ListItem\",\"position\":2,\"name\":\"Knowledge Hub [Centro de Conocimiento]\"}]},{\"@type\":\"WebSite\",\"@id\":\"https:\\\/\\\/www.polywater.com\\\/es\\\/#website\",\"url\":\"https:\\\/\\\/www.polywater.com\\\/es\\\/\",\"name\":\"Polywater\",\"description\":\"Solutions at work.\",\"potentialAction\":[{\"@type\":\"SearchAction\",\"target\":{\"@type\":\"EntryPoint\",\"urlTemplate\":\"https:\\\/\\\/www.polywater.com\\\/es\\\/?s={search_term_string}\"},\"query-input\":{\"@type\":\"PropertyValueSpecification\",\"valueRequired\":true,\"valueName\":\"search_term_string\"}}],\"inLanguage\":\"es\"}]}<\/script>\n<!-- \/ Yoast SEO plugin. -->","yoast_head_json":{"title":"Knowledge Hub [Centro de Conocimiento] - Polywater","description":"Conozca los temas y problemas t\u00e9cnicos que afectan a los campos de la electricidad y las comunicaciones. Investigaci\u00f3n industrial y t\u00e9cnica.","robots":{"index":"index","follow":"follow","max-snippet":"max-snippet:-1","max-image-preview":"max-image-preview:large","max-video-preview":"max-video-preview:-1"},"canonical":"https:\/\/www.polywater.com\/es\/centro-de-conocimiento\/","og_locale":"es_ES","og_type":"article","og_title":"Knowledge Hub [Centro de Conocimiento] - Polywater","og_description":"Conozca los temas y problemas t\u00e9cnicos que afectan a los campos de la electricidad y las comunicaciones. Investigaci\u00f3n industrial y t\u00e9cnica.","og_url":"https:\/\/www.polywater.com\/es\/centro-de-conocimiento\/","og_site_name":"Polywater","article_modified_time":"2024-06-07T14:44:28+00:00","twitter_card":"summary_large_image","schema":{"@context":"https:\/\/schema.org","@graph":[{"@type":"WebPage","@id":"https:\/\/www.polywater.com\/es\/centro-de-conocimiento\/","url":"https:\/\/www.polywater.com\/es\/centro-de-conocimiento\/","name":"Knowledge Hub [Centro de Conocimiento] - Polywater","isPartOf":{"@id":"https:\/\/www.polywater.com\/es\/#website"},"datePublished":"2021-06-28T20:59:16+00:00","dateModified":"2024-06-07T14:44:28+00:00","description":"Conozca los temas y problemas t\u00e9cnicos que afectan a los campos de la electricidad y las comunicaciones. Investigaci\u00f3n industrial y t\u00e9cnica.","breadcrumb":{"@id":"https:\/\/www.polywater.com\/es\/centro-de-conocimiento\/#breadcrumb"},"inLanguage":"es","potentialAction":[{"@type":"ReadAction","target":["https:\/\/www.polywater.com\/es\/centro-de-conocimiento\/"]}]},{"@type":"BreadcrumbList","@id":"https:\/\/www.polywater.com\/es\/centro-de-conocimiento\/#breadcrumb","itemListElement":[{"@type":"ListItem","position":1,"name":"Home","item":"https:\/\/www.polywater.com\/es\/"},{"@type":"ListItem","position":2,"name":"Knowledge Hub [Centro de Conocimiento]"}]},{"@type":"WebSite","@id":"https:\/\/www.polywater.com\/es\/#website","url":"https:\/\/www.polywater.com\/es\/","name":"Polywater","description":"Solutions at work.","potentialAction":[{"@type":"SearchAction","target":{"@type":"EntryPoint","urlTemplate":"https:\/\/www.polywater.com\/es\/?s={search_term_string}"},"query-input":{"@type":"PropertyValueSpecification","valueRequired":true,"valueName":"search_term_string"}}],"inLanguage":"es"}]}},"_links":{"self":[{"href":"https:\/\/www.polywater.com\/es\/wp-json\/wp\/v2\/pages\/10714","targetHints":{"allow":["GET"]}}],"collection":[{"href":"https:\/\/www.polywater.com\/es\/wp-json\/wp\/v2\/pages"}],"about":[{"href":"https:\/\/www.polywater.com\/es\/wp-json\/wp\/v2\/types\/page"}],"author":[{"embeddable":true,"href":"https:\/\/www.polywater.com\/es\/wp-json\/wp\/v2\/users\/7"}],"replies":[{"embeddable":true,"href":"https:\/\/www.polywater.com\/es\/wp-json\/wp\/v2\/comments?post=10714"}],"version-history":[{"count":0,"href":"https:\/\/www.polywater.com\/es\/wp-json\/wp\/v2\/pages\/10714\/revisions"}],"wp:attachment":[{"href":"https:\/\/www.polywater.com\/es\/wp-json\/wp\/v2\/media?parent=10714"}],"curies":[{"name":"wp","href":"https:\/\/api.w.org\/{rel}","templated":true}]}}